{"id":13,"date":"2024-04-16T10:16:20","date_gmt":"2024-04-16T10:16:20","guid":{"rendered":"http:\/\/aw-watch.fantomaz.de\/?page_id=13"},"modified":"2024-04-19T14:42:17","modified_gmt":"2024-04-19T14:42:17","slug":"aw-watch","status":"publish","type":"page","link":"http:\/\/aw-watch.fantomaz.de\/","title":{"rendered":"AW-Watch"},"content":{"rendered":"\n<div class=\"wp-block-group alignfull has-accent-2-background-color has-background has-global-padding is-layout-constrained wp-block-group-is-layout-constrained\" style=\"margin-top:0;margin-bottom:0;padding-top:var(--wp--preset--spacing--50);padding-right:var(--wp--preset--spacing--50);padding-bottom:var(--wp--preset--spacing--50);padding-left:var(--wp--preset--spacing--50)\">\n<div class=\"wp-block-columns alignwide is-layout-flex wp-container-core-columns-is-layout-1 wp-block-columns-is-layout-flex\">\n<div class=\"wp-block-column is-layout-flow wp-block-column-is-layout-flow\" style=\"flex-basis:40%\">\n<p class=\"wp-container-content-1\"><em>fantomaz\u00b4s<\/em> Uhrenbau und Uhrenwerkstatt<\/p>\n\n\n\n<figure class=\"wp-block-image size-full is-resized\"><img loading=\"lazy\" decoding=\"async\" width=\"686\" height=\"686\" src=\"http:\/\/aw-watch.fantomaz.de\/wp-content\/uploads\/2024\/04\/Unruh.jpg\" alt=\"\" class=\"wp-image-100\" style=\"width:107px;height:auto\" srcset=\"http:\/\/aw-watch.fantomaz.de\/wp-content\/uploads\/2024\/04\/Unruh.jpg 686w, http:\/\/aw-watch.fantomaz.de\/wp-content\/uploads\/2024\/04\/Unruh-300x300.jpg 300w, http:\/\/aw-watch.fantomaz.de\/wp-content\/uploads\/2024\/04\/Unruh-150x150.jpg 150w\" sizes=\"(max-width: 686px) 100vw, 686px\" \/><\/figure>\n<\/div>\n\n\n\n<div class=\"wp-block-column is-layout-flow wp-block-column-is-layout-flow\" style=\"flex-basis:60%\">\n<p class=\"has-heading-font-family has-x-large-font-size\" style=\"line-height:1.2\"><em>Tick-tack, tick-tack,<\/em> so klingen sie &#8211; diese kleinen Wunderwerke der mechanischen Kunst. Aber sie sind alle verpackt in wundersch\u00f6n anzusehende Schmuckst\u00fccke.<\/p>\n\n\n\n<p class=\"has-heading-font-family has-x-large-font-size\" style=\"line-height:1.2\">Seit 20 Jahren baue und gestalte ich nun Uhren.<\/p>\n<\/div>\n<\/div>\n\n\n\n<div class=\"wp-block-group has-global-padding is-layout-constrained wp-block-group-is-layout-constrained\">\n<h2 class=\"wp-block-heading has-text-align-right\"><a href=\"http:\/\/aw-watch.fantomaz.de\/?page_id=99\" data-type=\"page\" data-id=\"99\">Direkt zum Blog<\/a><\/h2>\n<\/div>\n\n\n\n<div style=\"height:var(--wp--preset--spacing--40)\" aria-hidden=\"true\" class=\"wp-block-spacer\"><\/div>\n\n\n\n<figure class=\"wp-block-image alignwide size-large is-style-rounded\"><img loading=\"lazy\" decoding=\"async\" width=\"1024\" height=\"768\" src=\"http:\/\/aw-watch.fantomaz.de\/wp-content\/uploads\/2024\/04\/AW-Watch_No7-1024x768.jpg\" alt=\"\" class=\"wp-image-14\" srcset=\"http:\/\/aw-watch.fantomaz.de\/wp-content\/uploads\/2024\/04\/AW-Watch_No7-1024x768.jpg 1024w, http:\/\/aw-watch.fantomaz.de\/wp-content\/uploads\/2024\/04\/AW-Watch_No7-300x225.jpg 300w, http:\/\/aw-watch.fantomaz.de\/wp-content\/uploads\/2024\/04\/AW-Watch_No7-768x576.jpg 768w, http:\/\/aw-watch.fantomaz.de\/wp-content\/uploads\/2024\/04\/AW-Watch_No7-1536x1152.jpg 1536w, http:\/\/aw-watch.fantomaz.de\/wp-content\/uploads\/2024\/04\/AW-Watch_No7-2048x1536.jpg 2048w\" sizes=\"(max-width: 1024px) 100vw, 1024px\" \/><\/figure>\n<\/div>\n\n\n\n<div class=\"wp-block-group alignfull has-base-background-color has-background has-global-padding is-layout-constrained wp-block-group-is-layout-constrained\" style=\"margin-top:0;margin-bottom:0;padding-top:var(--wp--preset--spacing--50);padding-right:var(--wp--preset--spacing--50);padding-bottom:var(--wp--preset--spacing--50);padding-left:var(--wp--preset--spacing--50)\">\n<div class=\"wp-block-columns alignwide is-layout-flex wp-container-core-columns-is-layout-3 wp-block-columns-is-layout-flex\">\n<div class=\"wp-block-column has-global-padding is-content-justification-left is-layout-constrained wp-container-core-column-is-layout-3 wp-block-column-is-layout-constrained\" style=\"flex-basis:40%\">\n<p>Dieser Blog dient dazu, die einzelnen Uhren vorzustellen und wenn m\u00f6glich, ihre Gestaltung und den Weg dorthin aufzuzeigen.<\/p>\n\n\n\n<p><\/p>\n\n\n\n<figure class=\"wp-block-image size-full\"><img loading=\"lazy\" decoding=\"async\" width=\"562\" height=\"789\" src=\"http:\/\/aw-watch.fantomaz.de\/wp-content\/uploads\/2024\/04\/BWG9.jpg\" alt=\"\" class=\"wp-image-91\" srcset=\"http:\/\/aw-watch.fantomaz.de\/wp-content\/uploads\/2024\/04\/BWG9.jpg 562w, http:\/\/aw-watch.fantomaz.de\/wp-content\/uploads\/2024\/04\/BWG9-214x300.jpg 214w\" sizes=\"(max-width: 562px) 100vw, 562px\" \/><\/figure>\n<\/div>\n\n\n\n<div class=\"wp-block-column is-layout-flow wp-container-core-column-is-layout-6 wp-block-column-is-layout-flow\" style=\"flex-basis:60%\">\n<p class=\"has-heading-font-family has-x-large-font-size\" style=\"line-height:1.2\">Mit viel Liebe zum Detail und viel Zeit,  manchmal zu viel lt. meiner Frau, haben nun in den letzten Jahren einige Uhren den Weg in die \u00d6ffentlichkeit gefunden.<\/p>\n\n\n\n<div class=\"wp-block-columns is-layout-flex wp-container-core-columns-is-layout-2 wp-block-columns-is-layout-flex\">\n<div class=\"wp-block-column is-layout-flow wp-block-column-is-layout-flow\">\n<p class=\"wp-container-content-2\">Eigentlich ist alles schon da gewesen. Gef\u00fchlt sind alle m\u00f6glichen Geh\u00e4use schon gebaut worden. Dennoch gelingt es den Uhrenbauern immer wieder neue Formen zu entwickeln und neue, spannende Zifferbl\u00e4tter zu entwerfen und sie auf den Markt zu bringen. Auch neue Funktionen, in der Uhrenwelt Komplikationen genannt, erblicken immer wieder das Licht der Erde.<\/p>\n<\/div>\n\n\n\n<div class=\"wp-block-column is-layout-flow wp-block-column-is-layout-flow\">\n<p>In meinen Entw\u00fcrfen versuche ich immer wieder neue, noch nicht gezeigte Dinge in der Uhrenwelt, oder auch Weiterentwicklungen, neben den bekannten Designs und anerkannten Komplikationen zu zeigen. Manche sind in den realisierten Projekten hier zu sehen, manche bleiben nur auf dem Papier oder im Computer. Manche allerdings bleiben auch nur in meinem Kopf.<\/p>\n<\/div>\n<\/div>\n<\/div>\n<\/div>\n<\/div>\n\n\n\n<div class=\"wp-block-cover alignfull is-light has-parallax\" style=\"padding-top:var(--wp--preset--spacing--50);padding-right:var(--wp--preset--spacing--50);padding-bottom:var(--wp--preset--spacing--50);padding-left:var(--wp--preset--spacing--50);min-height:100vh;aspect-ratio:unset;\"><span aria-hidden=\"true\" class=\"wp-block-cover__background has-base-background-color has-background-dim-0 has-background-dim\"><\/span><div class=\"wp-block-cover__image-background wp-image-18 has-parallax\" style=\"background-position:50% 50%;background-image:url(http:\/\/aw-watch.fantomaz.de\/wp-content\/uploads\/2024\/04\/BimBam_Glashuette-scaled.jpg)\"><\/div><div class=\"wp-block-cover__inner-container has-global-padding is-layout-constrained wp-block-cover-is-layout-constrained\">\n<div style=\"height:500px\" aria-hidden=\"true\" class=\"wp-block-spacer\"><\/div>\n<\/div><\/div>\n\n\n\n<div class=\"wp-block-group alignfull has-base-2-background-color has-background has-global-padding is-layout-constrained wp-block-group-is-layout-constrained\" style=\"margin-top:0;margin-bottom:0;padding-top:var(--wp--preset--spacing--60);padding-right:var(--wp--preset--spacing--60);padding-bottom:var(--wp--preset--spacing--60);padding-left:var(--wp--preset--spacing--60)\">\n<div class=\"wp-block-group alignwide is-layout-flow wp-block-group-is-layout-flow\">\n<div style=\"height:var(--wp--preset--spacing--50)\" aria-hidden=\"true\" class=\"wp-block-spacer\"><\/div>\n\n\n\n<p class=\"has-text-align-left has-heading-font-family has-x-large-font-size\" style=\"font-style:normal;font-weight:400;line-height:1.2\">Dabei bin ich nicht auf einen Uhrentyp beschr\u00e4nkt, so wie Armbanduhren oder Wanduhren oder Wecker o.\u00e4.<\/p>\n\n\n\n<p class=\"has-text-align-left has-heading-font-family has-x-large-font-size\" style=\"font-style:normal;font-weight:400;line-height:1.2\">Gebaut wird was mir gef\u00e4llt und was mich zum Thema Uhren besch\u00e4ftigt oder was ich immer schon mal gern haben wollte.<\/p>\n\n\n\n<div style=\"height:var(--wp--preset--spacing--50)\" aria-hidden=\"true\" class=\"wp-block-spacer\"><\/div>\n<\/div>\n<\/div>\n\n\n\n<div class=\"wp-block-group alignfull has-base-2-color has-contrast-background-color has-text-color has-background has-link-color wp-elements-1f6f8a5b6958feda896bc8072def5072 has-global-padding is-layout-constrained wp-block-group-is-layout-constrained\" style=\"margin-top:0;margin-bottom:0;padding-top:var(--wp--preset--spacing--50);padding-right:var(--wp--preset--spacing--50);padding-bottom:var(--wp--preset--spacing--50);padding-left:var(--wp--preset--spacing--50)\">\n<div class=\"wp-block-columns alignwide is-layout-flex wp-container-core-columns-is-layout-4 wp-block-columns-is-layout-flex\">\n<div class=\"wp-block-column is-vertically-aligned-stretch is-layout-flow wp-block-column-is-layout-flow\" style=\"padding-right:0;flex-basis:60%\">\n<div class=\"wp-block-group is-vertical is-content-justification-stretch is-layout-flex wp-container-core-group-is-layout-6 wp-block-group-is-layout-flex\" style=\"min-height:100%\">\n<figure class=\"wp-block-image size-large is-style-rounded\"><img loading=\"lazy\" decoding=\"async\" width=\"768\" height=\"1024\" src=\"http:\/\/aw-watch.fantomaz.de\/wp-content\/uploads\/2024\/04\/FHF_StowaExtra-768x1024.jpg\" alt=\"\" class=\"wp-image-19\" style=\"aspect-ratio:9\/16;object-fit:cover\" srcset=\"http:\/\/aw-watch.fantomaz.de\/wp-content\/uploads\/2024\/04\/FHF_StowaExtra-768x1024.jpg 768w, http:\/\/aw-watch.fantomaz.de\/wp-content\/uploads\/2024\/04\/FHF_StowaExtra-225x300.jpg 225w, http:\/\/aw-watch.fantomaz.de\/wp-content\/uploads\/2024\/04\/FHF_StowaExtra-1152x1536.jpg 1152w, http:\/\/aw-watch.fantomaz.de\/wp-content\/uploads\/2024\/04\/FHF_StowaExtra-1536x2048.jpg 1536w, http:\/\/aw-watch.fantomaz.de\/wp-content\/uploads\/2024\/04\/FHF_StowaExtra-scaled.jpg 1920w\" sizes=\"(max-width: 768px) 100vw, 768px\" \/><\/figure>\n\n\n\n<p class=\"has-medium-font-size\">Das Geh\u00e4use von Stowa, ein mir unbekanntes Zifferblatt und das FHF 72.<\/p>\n<\/div>\n<\/div>\n\n\n\n<div class=\"wp-block-column is-layout-flow wp-block-column-is-layout-flow\" style=\"flex-basis:40%\">\n<div class=\"wp-block-group has-global-padding is-layout-constrained wp-block-group-is-layout-constrained\">\n<p class=\"has-large-font-size\" style=\"font-style:normal;font-weight:500;line-height:1.2\">Diese STOWA Extra z.B., auf dem Flohmarkt gekauft, kaputt und nichts besonderes, aber mit einem erhaltungsw\u00fcrdigem Werk im Inneren, ein FHF 72 mit einer seltenen Feinregulierung f\u00fcr den Gang.<\/p>\n\n\n\n<div style=\"height:var(--wp--preset--spacing--40)\" aria-hidden=\"true\" class=\"wp-block-spacer\"><\/div>\n\n\n\n<div class=\"wp-block-group is-layout-flow wp-block-group-is-layout-flow\">\n<p class=\"has-medium-font-size\">Ein rot vergoldetes FHF Kaliber 72, mit der Feinregulierung, ein Handaufzugswerk.<\/p>\n\n\n\n<figure class=\"wp-block-image size-large is-style-rounded\"><img loading=\"lazy\" decoding=\"async\" width=\"768\" height=\"1024\" src=\"http:\/\/aw-watch.fantomaz.de\/wp-content\/uploads\/2024\/04\/StowaExtra_FHF72-edited-768x1024.jpg\" alt=\"\" class=\"wp-image-23\" style=\"aspect-ratio:9\/16;object-fit:cover\" srcset=\"http:\/\/aw-watch.fantomaz.de\/wp-content\/uploads\/2024\/04\/StowaExtra_FHF72-edited-768x1024.jpg 768w, http:\/\/aw-watch.fantomaz.de\/wp-content\/uploads\/2024\/04\/StowaExtra_FHF72-edited-225x300.jpg 225w, http:\/\/aw-watch.fantomaz.de\/wp-content\/uploads\/2024\/04\/StowaExtra_FHF72-edited-1152x1536.jpg 1152w, http:\/\/aw-watch.fantomaz.de\/wp-content\/uploads\/2024\/04\/StowaExtra_FHF72-edited-1536x2048.jpg 1536w, http:\/\/aw-watch.fantomaz.de\/wp-content\/uploads\/2024\/04\/StowaExtra_FHF72-edited.jpg 1743w\" sizes=\"(max-width: 768px) 100vw, 768px\" \/><\/figure>\n<\/div>\n<\/div>\n<\/div>\n<\/div>\n<\/div>\n","protected":false},"excerpt":{"rendered":"<p>fantomaz\u00b4s Uhrenbau und Uhrenwerkstatt Tick-tack, tick-tack, so klingen sie &#8211; diese kleinen Wunderwerke der mechanischen Kunst. Aber sie sind alle verpackt in wundersch\u00f6n anzusehende Schmuckst\u00fccke. Seit 20 Jahren baue und gestalte ich nun Uhren. Direkt zum Blog Dieser Blog dient dazu, die einzelnen Uhren vorzustellen und wenn m\u00f6glich, ihre Gestaltung und den Weg dorthin aufzuzeigen. [&hellip;]<\/p>\n","protected":false},"author":1,"featured_media":50,"parent":0,"menu_order":0,"comment_status":"closed","ping_status":"closed","template":"","meta":{"footnotes":""},"_links":{"self":[{"href":"http:\/\/aw-watch.fantomaz.de\/index.php?rest_route=\/wp\/v2\/pages\/13"}],"collection":[{"href":"http:\/\/aw-watch.fantomaz.de\/index.php?rest_route=\/wp\/v2\/pages"}],"about":[{"href":"http:\/\/aw-watch.fantomaz.de\/index.php?rest_route=\/wp\/v2\/types\/page"}],"author":[{"embeddable":true,"href":"http:\/\/aw-watch.fantomaz.de\/index.php?rest_route=\/wp\/v2\/users\/1"}],"replies":[{"embeddable":true,"href":"http:\/\/aw-watch.fantomaz.de\/index.php?rest_route=%2Fwp%2Fv2%2Fcomments&post=13"}],"version-history":[{"count":31,"href":"http:\/\/aw-watch.fantomaz.de\/index.php?rest_route=\/wp\/v2\/pages\/13\/revisions"}],"predecessor-version":[{"id":115,"href":"http:\/\/aw-watch.fantomaz.de\/index.php?rest_route=\/wp\/v2\/pages\/13\/revisions\/115"}],"wp:featuredmedia":[{"embeddable":true,"href":"http:\/\/aw-watch.fantomaz.de\/index.php?rest_route=\/wp\/v2\/media\/50"}],"wp:attachment":[{"href":"http:\/\/aw-watch.fantomaz.de\/index.php?rest_route=%2Fwp%2Fv2%2Fmedia&parent=13"}],"curies":[{"name":"wp","href":"https:\/\/api.w.org\/{rel}","templated":true}]}}